{"id":18,"date":"2024-08-29T16:33:24","date_gmt":"2024-08-29T14:33:24","guid":{"rendered":"http:\/\/naprawapc.you2.pl\/index.php\/elementor-12\/"},"modified":"2024-08-29T16:33:24","modified_gmt":"2024-08-29T14:33:24","slug":"elementor-12","status":"publish","type":"page","link":"https:\/\/naprawapc.you2.pl\/index.php\/elementor-12\/","title":{"rendered":"Elementor #12"},"content":{"rendered":"<style>\/*! elementor - v3.20.0 - 11-03-2024 *\/\n.elementor-heading-title{padding:0;margin:0;line-height:1}.elementor-widget-heading .elementor-heading-title[class*=elementor-size-]>a{color:inherit;font-size:inherit;line-height:inherit}.elementor-widget-heading .elementor-heading-title.elementor-size-small{font-size:15px}.elementor-widget-heading .elementor-heading-title.elementor-size-medium{font-size:19px}.elementor-widget-heading .elementor-heading-title.elementor-size-large{font-size:29px}.elementor-widget-heading .elementor-heading-title.elementor-size-xl{font-size:39px}.elementor-widget-heading .elementor-heading-title.elementor-size-xxl{font-size:59px}<\/style>\n<h1>Serwis komputerowy Bia\u0142ystok &#8211; naprawa PC i laptop\u00f3w<\/h1>\n<link rel=\"stylesheet\" href=\"https:\/\/naprawa-pc.pl\/wp-content\/plugins\/elementor\/assets\/css\/widget-icon-box.min.css\">\n\t\t\t\t<svg aria-hidden=\"true\" viewBox=\"0 0 512 512\" xmlns=\"http:\/\/www.w3.org\/2000\/svg\"><path d=\"M256,8C119,8,8,119,8,256S119,504,256,504,504,393,504,256,393,8,256,8Zm92.49,313h0l-20,25a16,16,0,0,1-22.49,2.5h0l-67-49.72a40,40,0,0,1-15-31.23V112a16,16,0,0,1,16-16h32a16,16,0,0,1,16,16V256l58,42.5A16,16,0,0,1,348.49,321Z\"><\/path><\/svg>\t\t\t\t<\/p>\n<p>\n\t\t\t\t\t\tZapraszamy do kontaktu codziennie w godzinach 9-21\n\t\t\t\t<\/p>\n<p>\t\t\t\t<svg aria-hidden=\"true\" viewBox=\"0 0 512 512\" xmlns=\"http:\/\/www.w3.org\/2000\/svg\"><path d=\"M0 405.3V448c0 35.3 86 64 192 64s192-28.7 192-64v-42.7C342.7 434.4 267.2 448 192 448S41.3 434.4 0 405.3zM320 128c106 0 192-28.7 192-64S426 0 320 0 128 28.7 128 64s86 64 192 64zM0 300.4V352c0 35.3 86 64 192 64s192-28.7 192-64v-51.6c-41.3 34-116.9 51.6-192 51.6S41.3 334.4 0 300.4zm416 11c57.3-11.1 96-31.7 96-55.4v-42.7c-23.2 16.4-57.3 27.6-96 34.5v63.6zM192 160C86 160 0 195.8 0 240s86 80 192 80 192-35.8 192-80-86-80-192-80zm219.3 56.3c60-10.8 100.7-32 100.7-56.3v-42.7c-35.5 25.1-96.5 38.6-160.7 41.8 29.5 14.3 51.2 33.5 60 57.2z\"><\/path><\/svg>\t\t\t\t<\/p>\n<p>\n\t\t\t\t\t\tNajni\u017csze ceny us\u0142ug w Bia\u0142ymstoku\n\t\t\t\t<\/p>\n<p>\t\t\t\t<svg aria-hidden=\"true\" viewBox=\"0 0 640 512\" xmlns=\"http:\/\/www.w3.org\/2000\/svg\"><path d=\"M622.3 271.1l-115.2-45c-4.1-1.6-12.6-3.7-22.2 0l-115.2 45c-10.7 4.2-17.7 14-17.7 24.9 0 111.6 68.7 188.8 132.9 213.9 9.6 3.7 18 1.6 22.2 0C558.4 489.9 640 420.5 640 296c0-10.9-7-20.7-17.7-24.9zM496 462.4V273.3l95.5 37.3c-5.6 87.1-60.9 135.4-95.5 151.8zM224 256c70.7 0 128-57.3 128-128S294.7 0 224 0 96 57.3 96 128s57.3 128 128 128zm96 40c0-2.5.8-4.8 1.1-7.2-2.5-.1-4.9-.8-7.5-.8h-16.7c-22.2 10.2-46.9 16-72.9 16s-50.6-5.8-72.9-16h-16.7C60.2 288 0 348.2 0 422.4V464c0 26.5 21.5 48 48 48h352c6.8 0 13.3-1.5 19.2-4-54-42.9-99.2-116.7-99.2-212z\"><\/path><\/svg>\t\t\t\t<\/p>\n<p>\n\t\t\t\t\t\tNaprawy s\u0105 obj\u0119te pisemn\u0105 gwarancj\u0105\n\t\t\t\t<\/p>\n<style>\/*! elementor - v3.20.0 - 11-03-2024 *\/\n.elementor-widget-divider{--divider-border-style:none;--divider-border-width:1px;--divider-color:#0c0d0e;--divider-icon-size:20px;--divider-element-spacing:10px;--divider-pattern-height:24px;--divider-pattern-size:20px;--divider-pattern-url:none;--divider-pattern-repeat:repeat-x}.elementor-widget-divider .elementor-divider{display:flex}.elementor-widget-divider .elementor-divider__text{font-size:15px;line-height:1;max-width:95%}.elementor-widget-divider .elementor-divider__element{margin:0 var(--divider-element-spacing);flex-shrink:0}.elementor-widget-divider .elementor-icon{font-size:var(--divider-icon-size)}.elementor-widget-divider .elementor-divider-separator{display:flex;margin:0;direction:ltr}.elementor-widget-divider--view-line_icon .elementor-divider-separator,.elementor-widget-divider--view-line_text .elementor-divider-separator{align-items:center}.elementor-widget-divider--view-line_icon .elementor-divider-separator:after,.elementor-widget-divider--view-line_icon .elementor-divider-separator:before,.elementor-widget-divider--view-line_text .elementor-divider-separator:after,.elementor-widget-divider--view-line_text .elementor-divider-separator:before{display:block;content:\"\";border-block-end:0;flex-grow:1;border-block-start:var(--divider-border-width) var(--divider-border-style) var(--divider-color)}.elementor-widget-divider--element-align-left .elementor-divider .elementor-divider-separator>.elementor-divider__svg:first-of-type{flex-grow:0;flex-shrink:100}.elementor-widget-divider--element-align-left .elementor-divider-separator:before{content:none}.elementor-widget-divider--element-align-left .elementor-divider__element{margin-left:0}.elementor-widget-divider--element-align-right .elementor-divider .elementor-divider-separator>.elementor-divider__svg:last-of-type{flex-grow:0;flex-shrink:100}.elementor-widget-divider--element-align-right .elementor-divider-separator:after{content:none}.elementor-widget-divider--element-align-right .elementor-divider__element{margin-right:0}.elementor-widget-divider--element-align-start .elementor-divider .elementor-divider-separator>.elementor-divider__svg:first-of-type{flex-grow:0;flex-shrink:100}.elementor-widget-divider--element-align-start .elementor-divider-separator:before{content:none}.elementor-widget-divider--element-align-start .elementor-divider__element{margin-inline-start:0}.elementor-widget-divider--element-align-end .elementor-divider .elementor-divider-separator>.elementor-divider__svg:last-of-type{flex-grow:0;flex-shrink:100}.elementor-widget-divider--element-align-end .elementor-divider-separator:after{content:none}.elementor-widget-divider--element-align-end .elementor-divider__element{margin-inline-end:0}.elementor-widget-divider:not(.elementor-widget-divider--view-line_text):not(.elementor-widget-divider--view-line_icon) .elementor-divider-separator{border-block-start:var(--divider-border-width) var(--divider-border-style) var(--divider-color)}.elementor-widget-divider--separator-type-pattern{--divider-border-style:none}.elementor-widget-divider--separator-type-pattern.elementor-widget-divider--view-line .elementor-divider-separator,.elementor-widget-divider--separator-type-pattern:not(.elementor-widget-divider--view-line) .elementor-divider-separator:after,.elementor-widget-divider--separator-type-pattern:not(.elementor-widget-divider--view-line) .elementor-divider-separator:before,.elementor-widget-divider--separator-type-pattern:not([class*=elementor-widget-divider--view]) .elementor-divider-separator{width:100%;min-height:var(--divider-pattern-height);-webkit-mask-size:var(--divider-pattern-size) 100%;mask-size:var(--divider-pattern-size) 100%;-webkit-mask-repeat:var(--divider-pattern-repeat);mask-repeat:var(--divider-pattern-repeat);background-color:var(--divider-color);-webkit-mask-image:var(--divider-pattern-url);mask-image:var(--divider-pattern-url)}.elementor-widget-divider--no-spacing{--divider-pattern-size:auto}.elementor-widget-divider--bg-round{--divider-pattern-repeat:round}.rtl .elementor-widget-divider .elementor-divider__text{direction:rtl}.e-con-inner>.elementor-widget-divider,.e-con>.elementor-widget-divider{width:var(--container-widget-width,100%);--flex-grow:var(--container-widget-flex-grow)}<\/style>\n<style>\/*! elementor - v3.20.0 - 11-03-2024 *\/\n.elementor-widget-image{text-align:center}.elementor-widget-image a{display:inline-block}.elementor-widget-image a img[src$=\".svg\"]{width:48px}.elementor-widget-image img{vertical-align:middle;display:inline-block}<\/style>\n<p>\t\t\t\t\t\t\t\t\t\t<img fetchpriority=\"high\" decoding=\"async\" width=\"800\" height=\"534\" src=\"https:\/\/naprawa-pc.pl\/wp-content\/uploads\/2025\/04\/thisisengineering-32PpagSzeGs-unsplash-1024x683.jpg\" alt=\"\" srcset=\"https:\/\/naprawa-pc.pl\/wp-content\/uploads\/2025\/04\/thisisengineering-32PpagSzeGs-unsplash-1024x683.jpg 1024w, https:\/\/naprawa-pc.pl\/wp-content\/uploads\/2025\/04\/thisisengineering-32PpagSzeGs-unsplash-300x200.jpg 300w, https:\/\/naprawa-pc.pl\/wp-content\/uploads\/2025\/04\/thisisengineering-32PpagSzeGs-unsplash-768x512.jpg 768w, https:\/\/naprawa-pc.pl\/wp-content\/uploads\/2025\/04\/thisisengineering-32PpagSzeGs-unsplash-1536x1025.jpg 1536w, https:\/\/naprawa-pc.pl\/wp-content\/uploads\/2025\/04\/thisisengineering-32PpagSzeGs-unsplash-2048x1366.jpg 2048w\" sizes=\"(max-width: 800px) 100vw, 800px\" \/><br \/>\n\t\t\t\t\t\t\t\t\t\t\t\t\t<img decoding=\"async\" width=\"800\" height=\"534\" src=\"https:\/\/naprawa-pc.pl\/wp-content\/uploads\/2025\/04\/nathan-anderson-KHSPGJ3zP0M-unsplash-1024x683.jpg\" alt=\"\" srcset=\"https:\/\/naprawa-pc.pl\/wp-content\/uploads\/2025\/04\/nathan-anderson-KHSPGJ3zP0M-unsplash-1024x683.jpg 1024w, https:\/\/naprawa-pc.pl\/wp-content\/uploads\/2025\/04\/nathan-anderson-KHSPGJ3zP0M-unsplash-300x200.jpg 300w, https:\/\/naprawa-pc.pl\/wp-content\/uploads\/2025\/04\/nathan-anderson-KHSPGJ3zP0M-unsplash-768x512.jpg 768w, https:\/\/naprawa-pc.pl\/wp-content\/uploads\/2025\/04\/nathan-anderson-KHSPGJ3zP0M-unsplash-1536x1024.jpg 1536w, https:\/\/naprawa-pc.pl\/wp-content\/uploads\/2025\/04\/nathan-anderson-KHSPGJ3zP0M-unsplash-2048x1365.jpg 2048w\" sizes=\"(max-width: 800px) 100vw, 800px\" \/><br \/>\n\t\t\t\t\t\t\t\t\t\t\t\t\t<img decoding=\"async\" width=\"200\" height=\"300\" src=\"https:\/\/naprawa-pc.pl\/wp-content\/uploads\/2025\/04\/artiom-vallat-1GntEP783rI-unsplash-200x300.jpg\" alt=\"\" srcset=\"https:\/\/naprawa-pc.pl\/wp-content\/uploads\/2025\/04\/artiom-vallat-1GntEP783rI-unsplash-200x300.jpg 200w, https:\/\/naprawa-pc.pl\/wp-content\/uploads\/2025\/04\/artiom-vallat-1GntEP783rI-unsplash-683x1024.jpg 683w, https:\/\/naprawa-pc.pl\/wp-content\/uploads\/2025\/04\/artiom-vallat-1GntEP783rI-unsplash-768x1152.jpg 768w, https:\/\/naprawa-pc.pl\/wp-content\/uploads\/2025\/04\/artiom-vallat-1GntEP783rI-unsplash-1024x1536.jpg 1024w, https:\/\/naprawa-pc.pl\/wp-content\/uploads\/2025\/04\/artiom-vallat-1GntEP783rI-unsplash-1365x2048.jpg 1365w, https:\/\/naprawa-pc.pl\/wp-content\/uploads\/2025\/04\/artiom-vallat-1GntEP783rI-unsplash-scaled.jpg 1707w\" sizes=\"(max-width: 200px) 100vw, 200px\" \/>\n\t\t\t<link rel=\"stylesheet\" href=\"https:\/\/naprawa-pc.pl\/wp-content\/plugins\/elementor\/assets\/css\/widget-icon-list.min.css\">\n<ul>\n<li>\n\t\t\t\t\t\t\t<svg aria-hidden=\"true\" viewBox=\"0 0 576 512\" xmlns=\"http:\/\/www.w3.org\/2000\/svg\"><path d=\"M528 0H48C21.5 0 0 21.5 0 48v320c0 26.5 21.5 48 48 48h192l-16 48h-72c-13.3 0-24 10.7-24 24s10.7 24 24 24h272c13.3 0 24-10.7 24-24s-10.7-24-24-24h-72l-16-48h192c26.5 0 48-21.5 48-48V48c0-26.5-21.5-48-48-48zm-16 352H64V64h448v288z\"><\/path><\/svg><br \/>\n\t\t\t\t\t\t\t\t\t\tO nas\n\t\t\t\t\t\t\t\t\t<\/li>\n<\/ul>\n<p>Serwis komputerowy od 2016 roku<\/p>\n<p>Rozwi\u0105\u017cemy ka\u017cdy problem z twoim komputerem lub laptopem. Nasz zesp\u00f3\u0142 posiada blisko 10-letnie do\u015bwiadczenie w zakresie serwisowania sprz\u0119tu IT. Diagnoza nie powinna potrwa\u0107 d\u0142u\u017cej ni\u017c <strong>24 godziny<\/strong>, a w wielu przypadkach sw\u00f3j sprz\u0119t b\u0119dziesz m\u00f3g\u0142\/mog\u0142a odebra\u0107 jeszcze tego samego dnia. Istnieje mo\u017cliwo\u015b\u0107 wystawienia <strong>gwarancji<\/strong> na wykonywan\u0105 napraw\u0119 a\u017c do <b><u>3 lat,<\/u><\/b> po prostu, za darmo.<\/p>\n<h2>Zapraszamy do kontaktu<br \/>730 868 493<\/h2>\n<p>Oferujemy <strong>darmowy <\/strong>dojazd do klienta na terenie Bia\u0142egostoku i okolic.<\/p>\n<p>\t\t\t\t\t\t\t\t\t\t\t\t\t<img loading=\"lazy\" decoding=\"async\" width=\"719\" height=\"563\" src=\"https:\/\/naprawa-pc.pl\/wp-content\/uploads\/2025\/04\/bialytst.png\" alt=\"\" srcset=\"https:\/\/naprawa-pc.pl\/wp-content\/uploads\/2025\/04\/bialytst.png 719w, https:\/\/naprawa-pc.pl\/wp-content\/uploads\/2025\/04\/bialytst-300x235.png 300w\" sizes=\"(max-width: 719px) 100vw, 719px\" \/>\t\t\t\t\t\t\t\t\t\t\t\t\t<\/p>\n<h2>Przyk\u0142adowy cennik<\/h2>\n<style>\/*! elementor - v3.20.0 - 11-03-2024 *\/\n.elementor-column .elementor-spacer-inner{height:var(--spacer-size)}.e-con{--container-widget-width:100%}.e-con-inner>.elementor-widget-spacer,.e-con>.elementor-widget-spacer{width:var(--container-widget-width,var(--spacer-size));--align-self:var(--container-widget-align-self,initial);--flex-shrink:0}.e-con-inner>.elementor-widget-spacer>.elementor-widget-container,.e-con>.elementor-widget-spacer>.elementor-widget-container{height:100%;width:100%}.e-con-inner>.elementor-widget-spacer>.elementor-widget-container>.elementor-spacer,.e-con>.elementor-widget-spacer>.elementor-widget-container>.elementor-spacer{height:100%}.e-con-inner>.elementor-widget-spacer>.elementor-widget-container>.elementor-spacer>.elementor-spacer-inner,.e-con>.elementor-widget-spacer>.elementor-widget-container>.elementor-spacer>.elementor-spacer-inner{height:var(--container-widget-height,var(--spacer-size))}.e-con-inner>.elementor-widget-spacer.elementor-widget-empty,.e-con>.elementor-widget-spacer.elementor-widget-empty{position:relative;min-height:22px;min-width:22px}.e-con-inner>.elementor-widget-spacer.elementor-widget-empty .elementor-widget-empty-icon,.e-con>.elementor-widget-spacer.elementor-widget-empty .elementor-widget-empty-icon{position:absolute;top:0;bottom:0;left:0;right:0;margin:auto;padding:0;width:22px;height:22px}<\/style>\n<p>Diagnoza &#8211; 0-50 pln<\/p>\n<p>Instalacja systemu &#8211; 80 pln<\/p>\n<p>Usuwanie wirus\u00f3w\/audyt dzia\u0142ania komputera &#8211; 50 pln<\/p>\n<p>Wymiana podzespo\u0142\u00f3w &#8211; 50+ pln<\/p>\n<p>Wymiana pasty termoprzewodz\u0105cej &#8211; 40 pln<\/p>\n<p>Termopady karty graficznej &#8211; 50-70 pln<\/p>\n<p>Wymiana matrycy &#8211; 200+ pln<\/p>\n<p>Zimny lut p\u0142yta g\u0142\u00f3wna 250+ pln<\/p>\n<p>Dob\u00f3r cz\u0119\u015bci PC &#8211; 40 pln<\/p>\n<p>Z\u0142o\u017cenie komputera &#8211; 100+ pln<\/p>\n<p>Odzyskiwanie danych HDD\/SSD\/SD &#8211; 100+ pln<\/p>\n<p>Odzyskiwanie has\u0142a systemowego &#8211; 50+ pln<\/p>\n<p><\/p>\n<p><\/p>\n<p>Przed rozpocz\u0119ciem napraw zawsze poinformujemy o wszystkich kosztach i oczekiwanym czasie realizacji.<\/p>\n<p><\/p>\n<p><\/p>\n<p>\t\t\t\t\t\t\t\t\t\t\t\t\t<img loading=\"lazy\" decoding=\"async\" width=\"683\" height=\"1024\" src=\"https:\/\/naprawa-pc.pl\/wp-content\/uploads\/2025\/04\/artiom-vallat-4I3FI807rXI-unsplash-683x1024.jpg\" alt=\"\" srcset=\"https:\/\/naprawa-pc.pl\/wp-content\/uploads\/2025\/04\/artiom-vallat-4I3FI807rXI-unsplash-683x1024.jpg 683w, https:\/\/naprawa-pc.pl\/wp-content\/uploads\/2025\/04\/artiom-vallat-4I3FI807rXI-unsplash-200x300.jpg 200w, https:\/\/naprawa-pc.pl\/wp-content\/uploads\/2025\/04\/artiom-vallat-4I3FI807rXI-unsplash-768x1152.jpg 768w, https:\/\/naprawa-pc.pl\/wp-content\/uploads\/2025\/04\/artiom-vallat-4I3FI807rXI-unsplash-1024x1536.jpg 1024w, https:\/\/naprawa-pc.pl\/wp-content\/uploads\/2025\/04\/artiom-vallat-4I3FI807rXI-unsplash-1365x2048.jpg 1365w, https:\/\/naprawa-pc.pl\/wp-content\/uploads\/2025\/04\/artiom-vallat-4I3FI807rXI-unsplash-scaled.jpg 1707w\" sizes=\"(max-width: 683px) 100vw, 683px\" \/>\t\t\t\t\t\t\t\t\t\t\t\t\t<\/p>\n<ul>\n<li>\n\t\t\t\t\t\t\t<svg aria-hidden=\"true\" viewBox=\"0 0 384 512\" xmlns=\"http:\/\/www.w3.org\/2000\/svg\"><path d=\"M97.333 506.966c-129.874-129.874-129.681-340.252 0-469.933 5.698-5.698 14.527-6.632 21.263-2.422l64.817 40.513a17.187 17.187 0 0 1 6.849 20.958l-32.408 81.021a17.188 17.188 0 0 1-17.669 10.719l-55.81-5.58c-21.051 58.261-20.612 122.471 0 179.515l55.811-5.581a17.188 17.188 0 0 1 17.669 10.719l32.408 81.022a17.188 17.188 0 0 1-6.849 20.958l-64.817 40.513a17.19 17.19 0 0 1-21.264-2.422zM247.126 95.473c11.832 20.047 11.832 45.008 0 65.055-3.95 6.693-13.108 7.959-18.718 2.581l-5.975-5.726c-3.911-3.748-4.793-9.622-2.261-14.41a32.063 32.063 0 0 0 0-29.945c-2.533-4.788-1.65-10.662 2.261-14.41l5.975-5.726c5.61-5.378 14.768-4.112 18.718 2.581zm91.787-91.187c60.14 71.604 60.092 175.882 0 247.428-4.474 5.327-12.53 5.746-17.552.933l-5.798-5.557c-4.56-4.371-4.977-11.529-.93-16.379 49.687-59.538 49.646-145.933 0-205.422-4.047-4.85-3.631-12.008.93-16.379l5.798-5.557c5.022-4.813 13.078-4.394 17.552.933zm-45.972 44.941c36.05 46.322 36.108 111.149 0 157.546-4.39 5.641-12.697 6.251-17.856 1.304l-5.818-5.579c-4.4-4.219-4.998-11.095-1.285-15.931 26.536-34.564 26.534-82.572 0-117.134-3.713-4.836-3.115-11.711 1.285-15.931l5.818-5.579c5.159-4.947 13.466-4.337 17.856 1.304z\"><\/path><\/svg><br \/>\n\t\t\t\t\t\t\t\t\t\tKontakt\n\t\t\t\t\t\t\t\t\t<\/li>\n<\/ul>\n<p>Zadzwo\u0144 i um\u00f3w si\u0119 na wizyt\u0119 w serwisie lub odbi\u00f3r sprz\u0119tu w domu<\/p>\n<p>Poniedzia\u0142ek 9-21<\/p>\n<p>Wtorek 9-21<\/p>\n<p>\u015aroda 9-21<\/p>\n<p>Czwartek 9-21<\/p>\n<p>Pi\u0105tek 9-21<\/p>\n<p>Sobota 9-21<\/p>\n<p>Niedziela 9-21<\/p>\n<p>\t\t\t<svg aria-hidden=\"true\" viewBox=\"0 0 512 512\" xmlns=\"http:\/\/www.w3.org\/2000\/svg\"><path d=\"M497.39 361.8l-112-48a24 24 0 0 0-28 6.9l-49.6 60.6A370.66 370.66 0 0 1 130.6 204.11l60.6-49.6a23.94 23.94 0 0 0 6.9-28l-48-112A24.16 24.16 0 0 0 122.6.61l-104 24A24 24 0 0 0 0 48c0 256.5 207.9 464 464 464a24 24 0 0 0 23.4-18.6l24-104a24.29 24.29 0 0 0-14.01-27.6z\"><\/path><\/svg>\t\t\t<\/p>\n<p>730 868 493<\/p>\n<p>\t\t\t\t\t\t\t\t\t\t\t\t\t<img loading=\"lazy\" decoding=\"async\" width=\"562\" height=\"406\" src=\"https:\/\/naprawa-pc.pl\/wp-content\/uploads\/2025\/04\/zytnia.png\" alt=\"\" srcset=\"https:\/\/naprawa-pc.pl\/wp-content\/uploads\/2025\/04\/zytnia.png 562w, https:\/\/naprawa-pc.pl\/wp-content\/uploads\/2025\/04\/zytnia-300x217.png 300w\" sizes=\"(max-width: 562px) 100vw, 562px\" \/>\t\t\t\t\t\t\t\t\t\t\t\t\t<\/p>\n<h4>ul. \u017bytnia 16 <br \/>Bia\u0142ystok 15-469<br \/>730 868 493<\/h4>\n","protected":false},"excerpt":{"rendered":"<p>Serwis komputerowy Bia\u0142ystok &#8211; naprawa PC i laptop\u00f3w Zapraszamy do kontaktu codziennie w godzinach 9-21 Najni\u017csze ceny us\u0142ug w Bia\u0142ymstoku Naprawy s\u0105 obj\u0119te pisemn\u0105 gwarancj\u0105 O nas Serwis komputerowy od 2016 roku Rozwi\u0105\u017cemy ka\u017cdy problem z twoim komputerem lub laptopem. Nasz zesp\u00f3\u0142 posiada blisko 10-letnie do\u015bwiadczenie w zakresie serwisowania sprz\u0119tu IT. Diagnoza nie powinna potrwa\u0107 [&hellip;]<\/p>\n","protected":false},"author":1,"featured_media":0,"parent":0,"menu_order":0,"comment_status":"closed","ping_status":"closed","template":"","meta":{"footnotes":""},"class_list":["post-18","page","type-page","status-publish","hentry"],"_links":{"self":[{"href":"https:\/\/naprawapc.you2.pl\/index.php\/wp-json\/wp\/v2\/pages\/18","targetHints":{"allow":["GET"]}}],"collection":[{"href":"https:\/\/naprawapc.you2.pl\/index.php\/wp-json\/wp\/v2\/pages"}],"about":[{"href":"https:\/\/naprawapc.you2.pl\/index.php\/wp-json\/wp\/v2\/types\/page"}],"author":[{"embeddable":true,"href":"https:\/\/naprawapc.you2.pl\/index.php\/wp-json\/wp\/v2\/users\/1"}],"replies":[{"embeddable":true,"href":"https:\/\/naprawapc.you2.pl\/index.php\/wp-json\/wp\/v2\/comments?post=18"}],"version-history":[{"count":0,"href":"https:\/\/naprawapc.you2.pl\/index.php\/wp-json\/wp\/v2\/pages\/18\/revisions"}],"wp:attachment":[{"href":"https:\/\/naprawapc.you2.pl\/index.php\/wp-json\/wp\/v2\/media?parent=18"}],"curies":[{"name":"wp","href":"https:\/\/api.w.org\/{rel}","templated":true}]}}